{"id":5225,"date":"2024-01-22T13:52:22","date_gmt":"2024-01-22T13:52:22","guid":{"rendered":"https:\/\/testohire.com\/?page_id=5225"},"modified":"2025-05-30T11:30:15","modified_gmt":"2025-05-30T10:30:15","slug":"privacy-policy","status":"publish","type":"page","link":"https:\/\/testohire.com\/fr\/privacy-policy\/","title":{"rendered":"Politique de Confidentialit\u00e9"},"content":{"rendered":"<div data-elementor-type=\"wp-page\" data-elementor-id=\"5225\" class=\"elementor elementor-5225\">\n\t\t\t\t<div class=\"elementor-element elementor-element-e0a444a e-flex e-con-boxed e-con e-parent\" data-id=\"e0a444a\" data-element_type=\"container\" data-e-type=\"container\">\n\t\t\t\t\t<div class=\"e-con-inner\">\n\t\t\t\t<div class=\"elementor-element elementor-element-9236cb3 elementor-widget elementor-widget-text-editor\" data-id=\"9236cb3\" data-element_type=\"widget\" data-e-type=\"widget\" data-widget_type=\"text-editor.default\">\n\t\t\t\t<div class=\"elementor-widget-container\">\n\t\t\t\t\t\t\t\t\t<p class=\"MsoNormal\" style=\"margin: 0cm; font-size: 12pt; font-family: Calibri, sans-serif; color: #000000;\">TestoHire est une plateforme de la propri\u00e9t\u00e9 de la soci\u00e9t\u00e9 Key Software SARL qui sera d\u00e9sign\u00e9e par \u00ab fournisseur \u00bb dans le reste de cette Politique de Confidentialit\u00e9.<\/p><p class=\"MsoNormal\" style=\"margin: 0cm; font-size: 12pt; font-family: Calibri, sans-serif; color: #000000;\"><span lang=\"EN-US\">\u00a0<\/span><\/p><p class=\"MsoNormal\" style=\"margin: 0cm; font-size: 12pt; font-family: Calibri, sans-serif; color: #000000;\"><b><span lang=\"EN-US\" style=\"font-size: 12.5pt;\">1. Introduction<\/span><\/b><\/p><p class=\"MsoNormal\" style=\"margin: 0cm; font-size: 12pt; font-family: Calibri, sans-serif; color: #000000;\"><span lang=\"EN-US\">\u00a0<\/span><\/p><p class=\"MsoNormal\" style=\"margin: 0cm; font-size: 12pt; font-family: Calibri, sans-serif; color: #000000;\">Bienvenue sur TestoHire, o\u00f9 votre confidentialit\u00e9 est une priorit\u00e9. Cette politique de confidentialit\u00e9 explique comment nous collectons, utilisons et prot\u00e9geons vos informations personnelles lorsque vous utilisez nos services.<\/p><p class=\"MsoNormal\" style=\"margin: 0cm; font-size: 12pt; font-family: Calibri, sans-serif; color: #000000;\"><span lang=\"EN-US\">\u00a0<\/span><\/p><p class=\"MsoNormal\" style=\"margin: 0cm; font-size: 12pt; font-family: Calibri, sans-serif; color: #000000;\"><b><span lang=\"EN-US\" style=\"font-size: 12.5pt;\">2. Informations que nous Collectons<\/span><\/b><\/p><p class=\"MsoNormal\" style=\"margin: 0cm; font-size: 12pt; font-family: Calibri, sans-serif; color: #000000;\"><span lang=\"EN-US\">\u00a0<\/span><\/p><p class=\"MsoNormal\" style=\"margin: 0cm; font-size: 12pt; font-family: Calibri, sans-serif; color: #000000;\"><b>&#8211; Informations Personnelles :<\/b><span lang=\"EN-US\"> Lorsque vous cr\u00e9ez un compte, nous pouvons collecter votre nom, votre adresse e-mail, vos coordonn\u00e9es et des informations professionnelles pertinentes.<\/span><\/p><p class=\"MsoNormal\" style=\"margin: 0cm; font-size: 12pt; font-family: Calibri, sans-serif; color: #000000;\"><b>&#8211; Donn\u00e9es d\u2019Utilisation :<\/b><span lang=\"EN-US\"> Nous recueillons des informations sur vos interactions avec notre plateforme, englobant les donn\u00e9es de journal, les informations sur les appareils et les adresses IP.<\/span><\/p><p class=\"MsoNormal\" style=\"margin: 0cm; font-size: 12pt; font-family: Calibri, sans-serif; color: #000000;\"><span lang=\"EN-US\">\u00a0<\/span><\/p><p class=\"MsoNormal\" style=\"margin: 0cm; font-size: 12pt; font-family: Calibri, sans-serif; color: #000000;\"><b><span lang=\"EN-US\" style=\"font-size: 12.5pt;\">3. Comment nous Utilisons vos Informations<\/span><\/b><\/p><p class=\"MsoNormal\" style=\"margin: 0cm; font-size: 12pt; font-family: Calibri, sans-serif; color: #000000;\"><span lang=\"EN-US\">\u00a0<\/span><\/p><p class=\"MsoNormal\" style=\"margin: 0cm; font-size: 12pt; font-family: Calibri, sans-serif; color: #000000;\"><b>&#8211; Am\u00e9lioration des Services :<\/b><span lang=\"EN-US\"> Vos informations sont d\u00e9terminantes pour am\u00e9liorer et personnaliser nos services, y compris les \u00e9valuations des candidats, les outils de recrutement et les exp\u00e9riences utilisateur.<\/span><\/p><p class=\"MsoNormal\" style=\"margin: 0cm; font-size: 12pt; font-family: Calibri, sans-serif; color: #000000;\"><b>&#8211; Communication:<\/b><span lang=\"EN-US\"> Nous exploitons vos coordonn\u00e9es pour transmettre des mises \u00e0 jour essentielles, des annonces li\u00e9es aux services et, le cas \u00e9ch\u00e9ant, des communications marketing.<\/span><\/p><p class=\"MsoNormal\" style=\"margin: 0cm; font-size: 12pt; font-family: Calibri, sans-serif; color: #000000;\"><span lang=\"EN-US\">\u00a0<\/span><\/p><p class=\"MsoNormal\" style=\"margin: 0cm; font-size: 12pt; font-family: Calibri, sans-serif; color: #000000;\"><b><span lang=\"EN-US\" style=\"font-size: 12.5pt;\">4. Partage et Divulgation de Donn\u00e9es<\/span><\/b><\/p><p class=\"MsoNormal\" style=\"margin: 0cm; font-size: 12pt; font-family: Calibri, sans-serif; color: #000000;\"><span lang=\"EN-US\">\u00a0<\/span><\/p><p class=\"MsoNormal\" style=\"margin: 0cm; font-size: 12pt; font-family: Calibri, sans-serif; color: #000000;\"><b>&#8211; Services Tiers : <\/b>Nous pouvons faire appel \u00e0 des services tiers pour faciliter les fonctionnalit\u00e9s de la plateforme. Ces prestataires de services sont contractuellement tenus de ne pas divulguer ou utiliser vos informations \u00e0 des fins autres que celles convenues.<\/p><p class=\"MsoNormal\" style=\"margin: 0cm; font-size: 12pt; font-family: Calibri, sans-serif; color: #000000;\"><b>&#8211; Conformit\u00e9 L\u00e9gale :<\/b><span lang=\"EN-US\"> Conform\u00e9ment aux lois tunisiennes, nous pouvons divulguer vos informations si les autorit\u00e9s judiciaires l&#8217;exigent.<\/span><\/p><p class=\"MsoNormal\" style=\"margin: 0cm; font-size: 12pt; font-family: Calibri, sans-serif; color: #000000;\"><span lang=\"EN-US\">\u00a0<\/span><\/p><p class=\"MsoNormal\" style=\"margin: 0cm; font-size: 12pt; font-family: Calibri, sans-serif; color: #000000;\"><b><span lang=\"EN-US\" style=\"font-size: 12.5pt;\">5. Vos Droits et Choix<\/span><\/b><\/p><p class=\"MsoNormal\" style=\"margin: 0cm; font-size: 12pt; font-family: Calibri, sans-serif; color: #000000;\"><span lang=\"EN-US\">\u00a0<\/span><\/p><p class=\"MsoNormal\" style=\"margin: 0cm; font-size: 12pt; font-family: Calibri, sans-serif; color: #000000;\"><b>&#8211; Acc\u00e8s et Rectification :<\/b><span lang=\"EN-US\"> Vous disposez d&#8217;un droit d&#8217;acc\u00e8s et de rectification de vos informations personnelles. Utilisez les param\u00e8tres de votre compte ou contactez notre \u00e9quipe d&#8217;assistance pour obtenir de l&#8217;aide.<\/span><\/p><p class=\"MsoNormal\" style=\"margin: 0cm; font-size: 12pt; font-family: Calibri, sans-serif; color: #000000;\"><b>&#8211; D\u00e9sabonnement :<\/b><span lang=\"EN-US\"> Vous pouvez refuser de recevoir des communications marketing en suivant les instructions fournies dans nos communications.<\/span><\/p><p class=\"MsoNormal\" style=\"margin: 0cm; font-size: 12pt; font-family: Calibri, sans-serif; color: #000000;\"><span lang=\"EN-US\">\u00a0<\/span><\/p><p class=\"MsoNormal\" style=\"margin: 0cm; font-size: 12pt; font-family: Calibri, sans-serif; color: #000000;\"><b><span lang=\"EN-US\" style=\"font-size: 12.5pt;\">6. S\u00e9curit\u00e9 des Donn\u00e9es<\/span><\/b><\/p><p class=\"MsoNormal\" style=\"margin: 0cm; font-size: 12pt; font-family: Calibri, sans-serif; color: #000000;\"><span lang=\"EN-US\">\u00a0<\/span><\/p><p class=\"MsoNormal\" style=\"margin: 0cm; font-size: 12pt; font-family: Calibri, sans-serif; color: #000000;\">Bien que TestoHire mette en \u0153uvre des mesures de s\u00e9curit\u00e9 robustes pour prot\u00e9ger vos donn\u00e9es, il est important de noter qu&#8217;aucune m\u00e9thode de transmission sur Internet ou de stockage \u00e9lectronique n&#8217;est enti\u00e8rement s\u00e9curis\u00e9e. M\u00eame si nous nous effor\u00e7ons d\u2019assurer la plus grande s\u00e9curit\u00e9, des garanties absolues ne peuvent \u00eatre fournies.<\/p><p class=\"MsoNormal\" style=\"margin: 0cm; font-size: 12pt; font-family: Calibri, sans-serif; color: #000000;\"><span lang=\"EN-US\">\u00a0<\/span><\/p><p class=\"MsoNormal\" style=\"margin: 0cm; font-size: 12pt; font-family: Calibri, sans-serif; color: #000000;\"><b><span lang=\"EN-US\" style=\"font-size: 12.5pt;\">7. Transferts de Donn\u00e9es Internationaux<\/span><\/b><\/p><p class=\"MsoNormal\" style=\"margin: 0cm; font-size: 12pt; font-family: Calibri, sans-serif; color: #000000;\"><span lang=\"EN-US\">\u00a0<\/span><\/p><p class=\"MsoNormal\" style=\"margin: 0cm; font-size: 12pt; font-family: Calibri, sans-serif; color: #000000;\">Si vous r\u00e9sidez en dehors de la Tunisie et choisissez de nous fournir des informations, sachez que nous transf\u00e9rons et traitons des donn\u00e9es, y compris des informations personnelles, en Tunisie.<\/p><p class=\"MsoNormal\" style=\"margin: 0cm; font-size: 12pt; font-family: Calibri, sans-serif; color: #000000;\"><span lang=\"EN-US\">\u00a0<\/span><\/p><p class=\"MsoNormal\" style=\"margin: 0cm; font-size: 12pt; font-family: Calibri, sans-serif; color: #000000;\"><b><span lang=\"EN-US\" style=\"font-size: 12.5pt;\">8. Confidentialit\u00e9 des Enfants<\/span><\/b><\/p><p class=\"MsoNormal\" style=\"margin: 0cm; font-size: 12pt; font-family: Calibri, sans-serif; color: #000000;\"><span lang=\"EN-US\">\u00a0<\/span><\/p><p class=\"MsoNormal\" style=\"margin: 0cm; font-size: 12pt; font-family: Calibri, sans-serif; color: #000000;\">TestoHire n&#8217;est pas destin\u00e9 aux personnes de moins de 18 ans. Si nous collectons par inadvertance des informations personnelles aupr\u00e8s d&#8217;un enfant de moins de 18 ans, nous prendrons des mesures rapides pour les supprimer.<\/p><p class=\"MsoNormal\" style=\"margin: 0cm; font-size: 12pt; font-family: Calibri, sans-serif; color: #000000;\"><span lang=\"EN-US\">\u00a0<\/span><\/p><p class=\"MsoNormal\" style=\"margin: 0cm; font-size: 12pt; font-family: Calibri, sans-serif; color: #000000;\"><b><span lang=\"EN-US\" style=\"font-size: 12.5pt;\">9. Modifications de cette Politique de Confidentialit\u00e9<\/span><\/b><\/p><p class=\"MsoNormal\" style=\"margin: 0cm; font-size: 12pt; font-family: Calibri, sans-serif; color: #000000;\"><span lang=\"EN-US\">\u00a0<\/span><\/p><p class=\"MsoNormal\" style=\"margin: 0cm; font-size: 12pt; font-family: Calibri, sans-serif; color: #000000;\">Pour vous tenir inform\u00e9, le \u00ab fournisseur \u00bb peut p\u00e9riodiquement mettre \u00e0 jour cette politique de confidentialit\u00e9. Tout changement substantiel sera communiqu\u00e9 en publiant la politique de confidentialit\u00e9 r\u00e9vis\u00e9e sur cette page.<\/p><p class=\"MsoNormal\" style=\"margin: 0cm; font-size: 12pt; font-family: Calibri, sans-serif; color: #000000;\"><span lang=\"EN-US\">\u00a0<\/span><\/p><p class=\"MsoNormal\" style=\"margin: 0cm; font-size: 12pt; font-family: Calibri, sans-serif; color: #000000;\"><b><span lang=\"EN-US\" style=\"font-size: 12.5pt;\">10. Nous Contacter<\/span><\/b><\/p><p class=\"MsoNormal\" style=\"margin: 0cm; font-size: 12pt; font-family: Calibri, sans-serif; color: #000000;\"><span lang=\"EN-US\">\u00a0<\/span><\/p><p class=\"MsoNormal\" style=\"margin: 0cm; font-size: 12pt; font-family: Calibri, sans-serif; color: #000000;\">Pour toute question ou pr\u00e9occupation concernant notre politique de confidentialit\u00e9, veuillez contacter notre \u00e9quipe d\u00e9di\u00e9e sur testohire@keysoftwares.com. Votre vie priv\u00e9e nous tient \u00e0 c\u0153ur et nous sommes l\u00e0 pour vous aider.<\/p>\t\t\t\t\t\t\t\t<\/div>\n\t\t\t\t<\/div>\n\t\t\t\t\t<\/div>\n\t\t\t\t<\/div>\n\t\t\t\t<\/div>","protected":false},"excerpt":{"rendered":"<p>TestoHire est une plateforme de la propri\u00e9t\u00e9 de la soci\u00e9t\u00e9 Key Software SARL qui sera d\u00e9sign\u00e9e par \u00ab fournisseur \u00bb dans le reste de cette Politique de Confidentialit\u00e9. \u00a0 1. Introduction \u00a0 Bienvenue sur TestoHire, o\u00f9 votre confidentialit\u00e9 est une priorit\u00e9. Cette politique de confidentialit\u00e9 explique comment nous collectons, utilisons et prot\u00e9geons vos informations personnelles<br \/><a class=\"moretag\" href=\"https:\/\/testohire.com\/fr\/privacy-policy\/\">+ Read More<\/a><\/p>","protected":false},"author":1,"featured_media":0,"parent":0,"menu_order":0,"comment_status":"closed","ping_status":"closed","template":"templates\/page-fullwidth_template.php","meta":{"footnotes":""},"class_list":["post-5225","page","type-page","status-publish","hentry"],"aioseo_notices":[],"_links":{"self":[{"href":"https:\/\/testohire.com\/fr\/wp-json\/wp\/v2\/pages\/5225","targetHints":{"allow":["GET"]}}],"collection":[{"href":"https:\/\/testohire.com\/fr\/wp-json\/wp\/v2\/pages"}],"about":[{"href":"https:\/\/testohire.com\/fr\/wp-json\/wp\/v2\/types\/page"}],"author":[{"embeddable":true,"href":"https:\/\/testohire.com\/fr\/wp-json\/wp\/v2\/users\/1"}],"replies":[{"embeddable":true,"href":"https:\/\/testohire.com\/fr\/wp-json\/wp\/v2\/comments?post=5225"}],"version-history":[{"count":2,"href":"https:\/\/testohire.com\/fr\/wp-json\/wp\/v2\/pages\/5225\/revisions"}],"predecessor-version":[{"id":7118,"href":"https:\/\/testohire.com\/fr\/wp-json\/wp\/v2\/pages\/5225\/revisions\/7118"}],"wp:attachment":[{"href":"https:\/\/testohire.com\/fr\/wp-json\/wp\/v2\/media?parent=5225"}],"curies":[{"name":"wp","href":"https:\/\/api.w.org\/{rel}","templated":true}]}}