{"id":5440,"date":"2024-03-06T12:10:57","date_gmt":"2024-03-06T12:10:57","guid":{"rendered":"https:\/\/testohire.com\/?page_id=5440"},"modified":"2024-04-01T01:05:15","modified_gmt":"2024-04-01T01:05:15","slug":"registration-successful","status":"publish","type":"page","link":"https:\/\/testohire.com\/fr\/registration-successful\/","title":{"rendered":"Registration Successful"},"content":{"rendered":"<div data-elementor-type=\"wp-page\" data-elementor-id=\"5440\" class=\"elementor elementor-5440\">\n\t\t\t\t<div class=\"elementor-element elementor-element-5c6f77e e-flex e-con-boxed e-con e-parent\" data-id=\"5c6f77e\" data-element_type=\"container\" data-e-type=\"container\" data-settings=\"{&quot;background_background&quot;:&quot;classic&quot;}\">\n\t\t\t\t\t<div class=\"e-con-inner\">\n\t\t<div class=\"elementor-element elementor-element-c701a34 e-flex e-con-boxed e-con e-child\" data-id=\"c701a34\" data-element_type=\"container\" data-e-type=\"container\" data-settings=\"{&quot;background_background&quot;:&quot;classic&quot;}\">\n\t\t\t\t\t<div class=\"e-con-inner\">\n\t\t\t\t<div class=\"elementor-element elementor-element-cdfae3f elementor-widget elementor-widget-spacer\" data-id=\"cdfae3f\" data-element_type=\"widget\" data-e-type=\"widget\" data-widget_type=\"spacer.default\">\n\t\t\t\t<div class=\"elementor-widget-container\">\n\t\t\t\t\t\t\t<div class=\"elementor-spacer\">\n\t\t\t<div class=\"elementor-spacer-inner\"><\/div>\n\t\t<\/div>\n\t\t\t\t\t\t<\/div>\n\t\t\t\t<\/div>\n\t\t<div class=\"elementor-element elementor-element-330d869 e-flex e-con-boxed e-con e-child\" data-id=\"330d869\" data-element_type=\"container\" data-e-type=\"container\" data-settings=\"{&quot;background_background&quot;:&quot;classic&quot;}\">\n\t\t\t\t\t<div class=\"e-con-inner\">\n\t\t\t\t<div class=\"elementor-element elementor-element-dfb710f elementor-widget elementor-widget-image\" data-id=\"dfb710f\" data-element_type=\"widget\" data-e-type=\"widget\" data-widget_type=\"image.default\">\n\t\t\t\t<div class=\"elementor-widget-container\">\n\t\t\t\t\t\t\t\t\t\t\t\t\t\t\t<img fetchpriority=\"high\" decoding=\"async\" width=\"300\" height=\"225\" src=\"https:\/\/testohire.com\/wp-content\/uploads\/2024\/03\/success-img-300x225.gif\" class=\"attachment-medium size-medium wp-image-5452 not-transparent\" alt=\"success registration\" srcset=\"https:\/\/testohire.com\/wp-content\/uploads\/2024\/03\/success-img-300x225.gif 300w, https:\/\/testohire.com\/wp-content\/uploads\/2024\/03\/success-img-768x576.gif 768w, https:\/\/testohire.com\/wp-content\/uploads\/2024\/03\/success-img-16x12.gif 16w\" sizes=\"(max-width: 300px) 100vw, 300px\" data-has-transparency=\"false\" data-dominant-color=\"e8f2f8\" style=\"--dominant-color: #e8f2f8\" \/>\t\t\t\t\t\t\t\t\t\t\t\t\t\t\t<\/div>\n\t\t\t\t<\/div>\n\t\t\t\t<div class=\"elementor-element elementor-element-c527694 elementor-widget elementor-widget-heading\" data-id=\"c527694\" data-element_type=\"widget\" data-e-type=\"widget\" data-widget_type=\"heading.default\">\n\t\t\t\t<div class=\"elementor-widget-container\">\n\t\t\t\t\t<h2 class=\"elementor-heading-title elementor-size-default\">Inscription R\u00e9ussie<\/h2>\t\t\t\t<\/div>\n\t\t\t\t<\/div>\n\t\t\t\t<div class=\"elementor-element elementor-element-ea1f779 elementor-widget elementor-widget-text-editor\" data-id=\"ea1f779\" data-element_type=\"widget\" data-e-type=\"widget\" data-widget_type=\"text-editor.default\">\n\t\t\t\t<div class=\"elementor-widget-container\">\n\t\t\t\t\t\t\t\t\t<p>Toutes nos f\u00e9licitations! \ud83c\udf89 Vous avez termin\u00e9 avec succ\u00e8s le processus d&#8217;inscription. Un e-mail a \u00e9t\u00e9 envoy\u00e9 dans votre bo\u00eete de r\u00e9ception avec les informations d&#8217;identification n\u00e9cessaires pour vous connecter. Veuillez v\u00e9rifier votre e-mail et proc\u00e9der \u00e0 la connexion. Bienvenue \u00e0 bord\u00a0!<\/p>\t\t\t\t\t\t\t\t<\/div>\n\t\t\t\t<\/div>\n\t\t\t\t<div class=\"elementor-element elementor-element-2ea9b8f elementor-align-center elementor-widget elementor-widget-button\" data-id=\"2ea9b8f\" data-element_type=\"widget\" data-e-type=\"widget\" data-widget_type=\"button.default\">\n\t\t\t\t<div class=\"elementor-widget-container\">\n\t\t\t\t\t\t\t\t\t<div class=\"elementor-button-wrapper\">\n\t\t\t\t\t<a class=\"elementor-button elementor-button-link elementor-size-md\" href=\"https:\/\/app.testohire.com\/auth\/login\">\n\t\t\t\t\t\t<span class=\"elementor-button-content-wrapper\">\n\t\t\t\t\t\t<span class=\"elementor-button-icon\">\n\t\t\t\t<i aria-hidden=\"true\" class=\"far fa-user\"><\/i>\t\t\t<\/span>\n\t\t\t\t\t\t\t\t\t<span class=\"elementor-button-text\">Se Connecter Maintenant<\/span>\n\t\t\t\t\t<\/span>\n\t\t\t\t\t<\/a>\n\t\t\t\t<\/div>\n\t\t\t\t\t\t\t\t<\/div>\n\t\t\t\t<\/div>\n\t\t\t\t<div class=\"elementor-element elementor-element-c16b10f elementor-widget elementor-widget-spacer\" data-id=\"c16b10f\" data-element_type=\"widget\" data-e-type=\"widget\" data-widget_type=\"spacer.default\">\n\t\t\t\t<div class=\"elementor-widget-container\">\n\t\t\t\t\t\t\t<div class=\"elementor-spacer\">\n\t\t\t<div class=\"elementor-spacer-inner\"><\/div>\n\t\t<\/div>\n\t\t\t\t\t\t<\/div>\n\t\t\t\t<\/div>\n\t\t\t\t\t<\/div>\n\t\t\t\t<\/div>\n\t\t\t\t\t<\/div>\n\t\t\t\t<\/div>\n\t\t<div class=\"elementor-element elementor-element-5738d0d e-flex e-con-boxed e-con e-child\" data-id=\"5738d0d\" data-element_type=\"container\" data-e-type=\"container\" data-settings=\"{&quot;background_background&quot;:&quot;classic&quot;}\">\n\t\t\t\t\t<div class=\"e-con-inner\">\n\t\t\t\t<div class=\"elementor-element elementor-element-6eb7a59 elementor-widget elementor-widget-spacer\" data-id=\"6eb7a59\" data-element_type=\"widget\" data-e-type=\"widget\" data-widget_type=\"spacer.default\">\n\t\t\t\t<div class=\"elementor-widget-container\">\n\t\t\t\t\t\t\t<div class=\"elementor-spacer\">\n\t\t\t<div class=\"elementor-spacer-inner\"><\/div>\n\t\t<\/div>\n\t\t\t\t\t\t<\/div>\n\t\t\t\t<\/div>\n\t\t\t\t\t<\/div>\n\t\t\t\t<\/div>\n\t\t\t\t\t<\/div>\n\t\t\t\t<\/div>\n\t\t\t\t<\/div>","protected":false},"excerpt":{"rendered":"<p>Inscription R\u00e9ussie Toutes nos f\u00e9licitations! ? Vous avez termin\u00e9 avec succ\u00e8s le processus d&#8217;inscription. Un e-mail a \u00e9t\u00e9 envoy\u00e9 dans votre bo\u00eete de r\u00e9ception avec les informations d&#8217;identification n\u00e9cessaires pour vous connecter. Veuillez v\u00e9rifier votre e-mail et proc\u00e9der \u00e0 la connexion. Bienvenue \u00e0 bord\u00a0! Se Connecter Maintenant<\/p>","protected":false},"author":1,"featured_media":0,"parent":0,"menu_order":0,"comment_status":"closed","ping_status":"closed","template":"elementor_canvas","meta":{"footnotes":""},"class_list":["post-5440","page","type-page","status-publish","hentry"],"aioseo_notices":[],"_links":{"self":[{"href":"https:\/\/testohire.com\/fr\/wp-json\/wp\/v2\/pages\/5440","targetHints":{"allow":["GET"]}}],"collection":[{"href":"https:\/\/testohire.com\/fr\/wp-json\/wp\/v2\/pages"}],"about":[{"href":"https:\/\/testohire.com\/fr\/wp-json\/wp\/v2\/types\/page"}],"author":[{"embeddable":true,"href":"https:\/\/testohire.com\/fr\/wp-json\/wp\/v2\/users\/1"}],"replies":[{"embeddable":true,"href":"https:\/\/testohire.com\/fr\/wp-json\/wp\/v2\/comments?post=5440"}],"version-history":[{"count":1,"href":"https:\/\/testohire.com\/fr\/wp-json\/wp\/v2\/pages\/5440\/revisions"}],"predecessor-version":[{"id":5541,"href":"https:\/\/testohire.com\/fr\/wp-json\/wp\/v2\/pages\/5440\/revisions\/5541"}],"wp:attachment":[{"href":"https:\/\/testohire.com\/fr\/wp-json\/wp\/v2\/media?parent=5440"}],"curies":[{"name":"wp","href":"https:\/\/api.w.org\/{rel}","templated":true}]}}